{"id":978,"date":"2021-10-04T23:01:20","date_gmt":"2021-10-04T21:01:20","guid":{"rendered":"http:\/\/tbcdesamiantage.fr\/?page_id=978"},"modified":"2021-11-22T21:15:43","modified_gmt":"2021-11-22T20:15:43","slug":"mentions-legales","status":"publish","type":"page","link":"https:\/\/tbcdesamiantage.fr\/?page_id=978","title":{"rendered":"Mentions l\u00e9gales"},"content":{"rendered":"\t\t<div data-elementor-type=\"wp-page\" data-elementor-id=\"978\" class=\"elementor elementor-978\" data-elementor-settings=\"[]\">\n\t\t\t\t\t\t\t<div class=\"elementor-section-wrap\">\n\t\t\t\t\t\t\t<section class=\"elementor-section elementor-top-section elementor-element elementor-element-26b323df elementor-section-height-min-height elementor-section-content-middle elementor-section-boxed elementor-section-height-default elementor-section-items-middle\" data-id=\"26b323df\" data-element_type=\"section\" data-settings=\"{&quot;background_background&quot;:&quot;classic&quot;}\">\n\t\t\t\t\t\t\t<div class=\"elementor-background-overlay\"><\/div>\n\t\t\t\t\t\t\t<div class=\"elementor-container elementor-column-gap-default\">\n\t\t\t\t\t<div class=\"elementor-column elementor-col-100 elementor-top-column elementor-element elementor-element-5f48b148\" data-id=\"5f48b148\" data-element_type=\"column\">\n\t\t\t<div class=\"elementor-widget-wrap elementor-element-populated\">\n\t\t\t\t\t\t\t\t<div class=\"elementor-element elementor-element-7e9d8384 elementor-widget elementor-widget-heading\" data-id=\"7e9d8384\" data-element_type=\"widget\" data-widget_type=\"heading.default\">\n\t\t\t\t<div class=\"elementor-widget-container\">\n\t\t\t<h2 class=\"elementor-heading-title elementor-size-default\">Mentions l\u00e9gales<\/h2>\t\t<\/div>\n\t\t\t\t<\/div>\n\t\t\t\t\t<\/div>\n\t\t<\/div>\n\t\t\t\t\t\t\t<\/div>\n\t\t<\/section>\n\t\t\t\t<section class=\"elementor-section elementor-top-section elementor-element elementor-element-51d7a83a elementor-section-content-middle elementor-section-boxed elementor-section-height-default elementor-section-height-default\" data-id=\"51d7a83a\" data-element_type=\"section\">\n\t\t\t\t\t\t<div class=\"elementor-container elementor-column-gap-no\">\n\t\t\t\t\t<div class=\"elementor-column elementor-col-100 elementor-top-column elementor-element elementor-element-4c42a41a\" data-id=\"4c42a41a\" data-element_type=\"column\">\n\t\t\t<div class=\"elementor-widget-wrap elementor-element-populated\">\n\t\t\t\t\t\t\t\t<div class=\"elementor-element elementor-element-2ee94132 elementor-widget elementor-widget-text-editor\" data-id=\"2ee94132\" data-element_type=\"widget\" data-widget_type=\"text-editor.default\">\n\t\t\t\t<div class=\"elementor-widget-container\">\n\t\t\t\t\t\t\t<p><strong>Raison sociale<\/strong> : TBC DESAMIANTAGE<br \/><strong>Si\u00e8ge social<\/strong> : 215 IMPASSE DES GAURES 26600 CHANOS-CURSON<br \/><strong>Forme juridique<\/strong> : Soci\u00e9t\u00e9 \u00e0 Responsabilit\u00e9 Limit\u00e9e<br \/><strong>N\u00b0 SIREN<\/strong> : 792 953 291<br \/><strong>Capital social<\/strong> : 9 000,00 \u20ac<br \/><strong>Responsable<\/strong> : M. Jean-Marie Boisset<\/p><p>Le site internet\u00a0<strong>www.tbcdesamiantage.fr <\/strong>a \u00e9t\u00e9 con\u00e7u par DIAS Rachel, 1400 route des ch\u00eanes verts \u2013 26600 Pont de l&rsquo;Is\u00e8re.<br \/>L&rsquo;h\u00e9bergeur est la soci\u00e9t\u00e9 <b>M-SCRIB <\/b>dont le si\u00e8ge social est : 16 rue Claude Bernard \u2013 26100 Romans sur Is\u00e8re.<\/p><p>Le site\u00a0<strong>www.tbcdesamiantage.fr <\/strong>est r\u00e9gi par le droit fran\u00e7ais ; les visiteurs ayant acc\u00e8s au site de l\u2019\u00e9tranger, doivent s\u2019assurer du respect des lois localement applicables.<\/p><p>Les mentions l\u00e9gales pouvant \u00eatre modifi\u00e9es \u00e0 tout moment et sans pr\u00e9avis, nous vous engageons \u00e0 les consulter r\u00e9guli\u00e8rement.<\/p><p><b>PROPRI\u00c9T\u00c9<\/b><strong>\u00a0INTELLECTUELLE<\/strong><\/p><p><strong>TBC D\u00e9samiantage<\/strong>\u00a0d\u00e9tient, se r\u00e9serve et conserve tous les droits de propri\u00e9t\u00e9, notamment intellectuelle, y compris les droits de reproduction sur le pr\u00e9sent site et les \u00e9l\u00e9ments qu\u2019il contient. En cons\u00e9quence et notamment toute reproduction partielle ou totale du pr\u00e9sent site et des \u00e9l\u00e9ments qu\u2019il contient est strictement interdite sans autorisation \u00e9crite de\u00a0<strong>TBC D\u00e9samiantage<\/strong>.<\/p><p>Les logos et tous autres signes distinctifs contenus sur ce site sont la propri\u00e9t\u00e9 de <strong>TBC D\u00e9samiantage<\/strong> ou font l\u2019objet d\u2019une autorisation d\u2019utilisation. Aucun droit ou licence ne saurait \u00eatre attribu\u00e9 sur l\u2019un quelconque de ces \u00e9l\u00e9ments sans l\u2019autorisation \u00e9crite de <strong>TBC D\u00e9samiantage<\/strong>\u00a0ou du tiers d\u00e9tenteur des droits.<\/p><p><strong>Cr\u00e9dits photographiques\u00a0 :<\/strong><\/p><p>Jean-Marie Boisset<\/p><p><strong>EXCLUSION DE GARANTIE ET DE RESPONSABILIT\u00c9<\/strong><\/p><p>L\u2019utilisateur du site web \u00ab\u00a0<strong>www.tbcdesamiantage.fr <\/strong>\u00bb reconna\u00eet avoir pris connaissance des pr\u00e9sentes conditions d\u2019utilisation du site et s\u2019engage \u00e0 les respecter.<\/p><p><strong>TBC D\u00e9samiantage<\/strong>\u00a0ne saurait \u00eatre tenue pour responsable des dommages directs ou indirects qui pourraient r\u00e9sulter de l\u2019acc\u00e8s au site ou de l\u2019utilisation du site et\/ou de ces informations, y compris l\u2019inaccessibilit\u00e9, les pertes de donn\u00e9es, d\u00e9t\u00e9riorations, destructions ou virus qui pourraient affecter l\u2019\u00e9quipement informatique de l\u2019utilisateur et\/ou de la pr\u00e9sence de virus sur son site.<\/p><p>Bien que <strong>TBC D\u00e9samiantage<\/strong> s\u2019efforce de fournir un contenu fiable sur son site, il ne garantit pas que son contenu soit exempt d\u2019inexactitudes ou d\u2019omissions et ne saurait \u00eatre tenu pour responsable des erreurs ou omissions, d\u2019une absence de disponibilit\u00e9 des informations et des services. <strong>TBC D\u00e9samiantage<\/strong>\u00a0se r\u00e9serve \u00e0 tout moment et sans pr\u00e9avis le droit d\u2019apporter des am\u00e9liorations et\/ou des modifications au contenu de son site. En cons\u00e9quence, l\u2019utilisateur reconna\u00eet se servir de ses informations sous sa responsabilit\u00e9 exclusive.<\/p><p><strong>COOKIES<\/strong><\/p><p>Lors de vos visites, vous \u00eates inform\u00e9 qu\u2019un t\u00e9moin de connexion peut s\u2019installer automatiquement sur votre logiciel de navigation. Il s\u2019agit d\u2019un bloc de donn\u00e9es qui n\u2019est pas utilis\u00e9 \u00e0 des fins d\u2019identification mais qui sert \u00e0 enregistrer des informations relatives \u00e0 votre navigation sur le site. Il permet des analyses de fr\u00e9quentation, mesures d\u2019audience\u2026 afin d\u2019am\u00e9liorer la qualit\u00e9 du site.<\/p><p>Vous pouvez d\u00e9sactiver les cookies en suivant les instructions comme suit:<\/p><p><strong>1\/ si vous utilisez le navigateur Internet Explorer<\/strong><\/p><p>Dans Internet Explorer, cliquez sur le bouton \u00ab\u00a0Outils\u00a0\u00bb, puis sur \u00ab\u00a0Options Internet\u00a0\u00bb.<br \/>Sous l\u2019onglet G\u00e9n\u00e9ral, sous \u00ab\u00a0Historique de navigation\u00a0\u00bb, cliquez sur \u00ab\u00a0Param\u00e8tres\u00a0\u00bb.<br \/>Cliquez sur le bouton \u00ab\u00a0Afficher les fichiers\u00a0\u00bb.<br \/>Cliquez sur l\u2019en-t\u00eate de colonne \u00ab\u00a0Nom pour trier tous les fichiers dans l\u2019ordre alphab\u00e9tique\u00a0\u00bb, puis parcourez la liste jusqu\u2019\u00e0 ce que vous voyez des fichiers commen\u00e7ant par le pr\u00e9fixe \u00ab\u00a0Cookie\u00a0\u00bb (tous les cookies poss\u00e8dent ce pr\u00e9fixe et contiennent habituellement le nom du site Web qui a cr\u00e9\u00e9 le cookie).<br \/>S\u00e9lectionnez le ou les cookie(s) comprenant le nom \u00ab TBC DESAMIANTAGE \u00bb et supprimez-les.<br \/>Fermez la fen\u00eatre qui contient la liste des fichiers, puis cliquez deux fois sur \u00ab\u00a0OK\u00a0\u00bb pour retourner dans Internet Explorer.<\/p><p><strong>2\/ si vous utilisez le navigateur Firefox<\/strong><\/p><p>Allez dans l\u2019onglet \u00ab\u00a0Outils\u00a0\u00bb du navigateur puis s\u00e9lectionnez le menu \u00ab\u00a0Options\u00a0\u00bb.<br \/>Dans la fen\u00eatre qui s\u2019affiche, choisissez \u00ab\u00a0Vie priv\u00e9e\u00a0\u00bb et cliquez sur \u00ab\u00a0Affichez les cookies\u00a0\u00bb.<br \/>Rep\u00e9rez les fichiers qui contiennent le nom \u00abTBC DESAMIANTAGE\u00bb.<br \/>S\u00e9lectionnez-les et supprimez-les.<\/p><p><strong>3\/ si vous utilisez le navigateur Safari<\/strong><\/p><p>Dans votre navigateur, choisissez le menu \u00ab\u00a0\u00c9dition Pr\u00e9f\u00e9rences\u00a0\u00bb. Cliquez sur \u00ab\u00a0S\u00e9curit\u00e9\u00a0\u00bb.<br \/>Cliquez sur \u00ab\u00a0Afficher les cookies\u00a0\u00bb.<br \/>S\u00e9lectionnez les cookies qui contiennent le nom \u00ab TBC DESAMIANTAGE \u00bb et cliquez sur \u00ab Effacer \u00bb ou sur \u00ab Tout effacer \u00bb.<br \/>Apr\u00e8s avoir supprim\u00e9 les cookies, cliquez sur \u00ab\u00a0Termin\u00e9\u00a0\u00bb.<\/p><p><strong>4\/ si vous utilisez le navigateur Google Chrome<\/strong><\/p><p>Cliquez sur l\u2019ic\u00f4ne du menu \u00ab\u00a0Outils\u00a0\u00bb.<br \/>S\u00e9lectionnez \u00ab\u00a0Options\u00a0\u00bb.<br \/>Cliquez sur l\u2019onglet \u00ab\u00a0Options avanc\u00e9es\u00a0\u00bb et acc\u00e9dez \u00e0 la section \u00ab\u00a0Confidentialit\u00e9\u00a0\u00bb.<br \/>Cliquez sur le bouton \u00ab Afficher les cookies \u00bb. Rep\u00e9rez les fichiers qui contiennent le nom \u00ab\u00a0 TBC DESAMIANTAGE\u00a0 \u00bb.<br \/>S\u00e9lectionnez-les et supprimez-les.<br \/>Cliquez sur \u00ab\u00a0Fermer\u00a0\u00bb pour revenir \u00e0 votre navigateur.<\/p><p>En cas de refus des t\u00e9moins de connexions, certains services ne sont plus accessibles. Vous disposez d\u2019un droit d\u2019acc\u00e8s, de rectification ou de suppression de vos donn\u00e9es personnelles communiqu\u00e9es par le biais du \u00ab cookie \u00bb dans les conditions indiqu\u00e9es au \u00abInformatique et libert\u00e9s\u00bb.\u00a0<\/p>\t\t\t\t\t\t<\/div>\n\t\t\t\t<\/div>\n\t\t\t\t\t<\/div>\n\t\t<\/div>\n\t\t\t\t\t\t\t<\/div>\n\t\t<\/section>\n\t\t\t\t<section class=\"elementor-section elementor-top-section elementor-element elementor-element-7d4848c2 elementor-section-height-min-height elementor-section-boxed elementor-section-height-default elementor-section-items-middle\" data-id=\"7d4848c2\" data-element_type=\"section\" data-settings=\"{&quot;background_background&quot;:&quot;classic&quot;}\">\n\t\t\t\t\t\t\t<div class=\"elementor-background-overlay\"><\/div>\n\t\t\t\t\t\t\t<div class=\"elementor-container elementor-column-gap-default\">\n\t\t\t\t\t<div class=\"elementor-column elementor-col-33 elementor-top-column elementor-element elementor-element-6d1c7fcb\" data-id=\"6d1c7fcb\" data-element_type=\"column\">\n\t\t\t<div class=\"elementor-widget-wrap elementor-element-populated\">\n\t\t\t\t\t\t\t\t<div class=\"elementor-element elementor-element-10719f40 elementor-widget elementor-widget-heading\" data-id=\"10719f40\" data-element_type=\"widget\" data-widget_type=\"heading.default\">\n\t\t\t\t<div class=\"elementor-widget-container\">\n\t\t\t<h2 class=\"elementor-heading-title elementor-size-default\">TBC D\u00e9samiantage<\/h2>\t\t<\/div>\n\t\t\t\t<\/div>\n\t\t\t\t<div class=\"elementor-element elementor-element-349255e5 elementor-widget elementor-widget-heading\" data-id=\"349255e5\" data-element_type=\"widget\" data-widget_type=\"heading.default\">\n\t\t\t\t<div class=\"elementor-widget-container\">\n\t\t\t<h2 class=\"elementor-heading-title elementor-size-medium\"><a href=\"http:\/\/tbcdesamiantage.fr\/?page_id=923\">L'entreprise<\/a><\/h2>\t\t<\/div>\n\t\t\t\t<\/div>\n\t\t\t\t<div class=\"elementor-element elementor-element-8fa2b98 elementor-icon-list--layout-traditional elementor-list-item-link-full_width elementor-widget elementor-widget-icon-list\" data-id=\"8fa2b98\" data-element_type=\"widget\" data-widget_type=\"icon-list.default\">\n\t\t\t\t<div class=\"elementor-widget-container\">\n\t\t\t\t\t<ul class=\"elementor-icon-list-items\">\n\t\t\t\t\t\t\t<li class=\"elementor-icon-list-item\">\n\t\t\t\t\t\t\t\t\t\t\t<a href=\"http:\/\/tbcdesamiantage.fr\/?page_id=930\">\n\n\t\t\t\t\t\t\t\t\t\t\t\t<span class=\"elementor-icon-list-icon\">\n\t\t\t\t\t\t\t<svg xmlns=\"http:\/\/www.w3.org\/2000\/svg\" xmlns:xlink=\"http:\/\/www.w3.org\/1999\/xlink\" id=\"&#x421;&#x43B;&#x43E;&#x439;_1\" x=\"0px\" y=\"0px\" viewBox=\"0 0 180.43 197.83\" style=\"enable-background:new 0 0 180.43 197.83;\" xml:space=\"preserve\">\n<style type=\"text\/css\">\n\t.st0{fill:#FFFFFF;}\n<\/style>\n<g>\n\t<g>\n\t\t<g>\n\t\t\t<polygon class=\"st0\" points=\"76.32,178.78 42.55,145.01 87.07,100.49 42.55,55.97 76.32,22.19 154.61,100.49    \"><\/polygon>\n\t\t<\/g>\n\t<\/g>\n<\/g>\n<\/svg>\t\t\t\t\t\t<\/span>\n\t\t\t\t\t\t\t\t\t\t<span class=\"elementor-icon-list-text\">D\u00e9samiantage<\/span>\n\t\t\t\t\t\t\t\t\t\t\t<\/a>\n\t\t\t\t\t\t\t\t\t<\/li>\n\t\t\t\t\t\t\t\t<li class=\"elementor-icon-list-item\">\n\t\t\t\t\t\t\t\t\t\t\t<a href=\"http:\/\/tbcdesamiantage.fr\/?page_id=931\">\n\n\t\t\t\t\t\t\t\t\t\t\t\t<span class=\"elementor-icon-list-icon\">\n\t\t\t\t\t\t\t<svg xmlns=\"http:\/\/www.w3.org\/2000\/svg\" xmlns:xlink=\"http:\/\/www.w3.org\/1999\/xlink\" id=\"&#x421;&#x43B;&#x43E;&#x439;_1\" x=\"0px\" y=\"0px\" viewBox=\"0 0 180.43 197.83\" style=\"enable-background:new 0 0 180.43 197.83;\" xml:space=\"preserve\">\n<style type=\"text\/css\">\n\t.st0{fill:#FFFFFF;}\n<\/style>\n<g>\n\t<g>\n\t\t<g>\n\t\t\t<polygon class=\"st0\" points=\"76.32,178.78 42.55,145.01 87.07,100.49 42.55,55.97 76.32,22.19 154.61,100.49    \"><\/polygon>\n\t\t<\/g>\n\t<\/g>\n<\/g>\n<\/svg>\t\t\t\t\t\t<\/span>\n\t\t\t\t\t\t\t\t\t\t<span class=\"elementor-icon-list-text\">D\u00e9plombage<\/span>\n\t\t\t\t\t\t\t\t\t\t\t<\/a>\n\t\t\t\t\t\t\t\t\t<\/li>\n\t\t\t\t\t\t\t\t<li class=\"elementor-icon-list-item\">\n\t\t\t\t\t\t\t\t\t\t\t<a href=\"http:\/\/tbcdesamiantage.fr\/?page_id=932\">\n\n\t\t\t\t\t\t\t\t\t\t\t\t<span class=\"elementor-icon-list-icon\">\n\t\t\t\t\t\t\t<svg xmlns=\"http:\/\/www.w3.org\/2000\/svg\" xmlns:xlink=\"http:\/\/www.w3.org\/1999\/xlink\" id=\"&#x421;&#x43B;&#x43E;&#x439;_1\" x=\"0px\" y=\"0px\" viewBox=\"0 0 180.43 197.83\" style=\"enable-background:new 0 0 180.43 197.83;\" xml:space=\"preserve\">\n<style type=\"text\/css\">\n\t.st0{fill:#FFFFFF;}\n<\/style>\n<g>\n\t<g>\n\t\t<g>\n\t\t\t<polygon class=\"st0\" points=\"76.32,178.78 42.55,145.01 87.07,100.49 42.55,55.97 76.32,22.19 154.61,100.49    \"><\/polygon>\n\t\t<\/g>\n\t<\/g>\n<\/g>\n<\/svg>\t\t\t\t\t\t<\/span>\n\t\t\t\t\t\t\t\t\t\t<span class=\"elementor-icon-list-text\">D\u00e9pollution<\/span>\n\t\t\t\t\t\t\t\t\t\t\t<\/a>\n\t\t\t\t\t\t\t\t\t<\/li>\n\t\t\t\t\t\t<\/ul>\n\t\t\t\t<\/div>\n\t\t\t\t<\/div>\n\t\t\t\t<div class=\"elementor-element elementor-element-639da884 elementor-widget elementor-widget-heading\" data-id=\"639da884\" data-element_type=\"widget\" data-widget_type=\"heading.default\">\n\t\t\t\t<div class=\"elementor-widget-container\">\n\t\t\t<h2 class=\"elementor-heading-title elementor-size-medium\"><a href=\"http:\/\/tbcdesamiantage.fr\/?page_id=924\">Nos r\u00e9alisations<\/a><\/h2>\t\t<\/div>\n\t\t\t\t<\/div>\n\t\t\t\t<div class=\"elementor-element elementor-element-2f82ec29 elementor-widget elementor-widget-heading\" data-id=\"2f82ec29\" data-element_type=\"widget\" data-widget_type=\"heading.default\">\n\t\t\t\t<div class=\"elementor-widget-container\">\n\t\t\t<h2 class=\"elementor-heading-title elementor-size-medium\"><a href=\"http:\/\/tbcdesamiantage.fr\/?page_id=978\">Mentions l\u00e9gales<\/a><\/h2>\t\t<\/div>\n\t\t\t\t<\/div>\n\t\t\t\t\t<\/div>\n\t\t<\/div>\n\t\t\t\t<div class=\"elementor-column elementor-col-33 elementor-top-column elementor-element elementor-element-5d650aef\" data-id=\"5d650aef\" data-element_type=\"column\">\n\t\t\t<div class=\"elementor-widget-wrap elementor-element-populated\">\n\t\t\t\t\t\t\t\t<div class=\"elementor-element elementor-element-241a2e8e elementor-widget elementor-widget-spacer\" data-id=\"241a2e8e\" data-element_type=\"widget\" data-widget_type=\"spacer.default\">\n\t\t\t\t<div class=\"elementor-widget-container\">\n\t\t\t\t\t<div class=\"elementor-spacer\">\n\t\t\t<div class=\"elementor-spacer-inner\"><\/div>\n\t\t<\/div>\n\t\t\t\t<\/div>\n\t\t\t\t<\/div>\n\t\t\t\t<div class=\"elementor-element elementor-element-4c66d3a2 elementor-widget elementor-widget-spacer\" data-id=\"4c66d3a2\" data-element_type=\"widget\" data-widget_type=\"spacer.default\">\n\t\t\t\t<div class=\"elementor-widget-container\">\n\t\t\t\t\t<div class=\"elementor-spacer\">\n\t\t\t<div class=\"elementor-spacer-inner\"><\/div>\n\t\t<\/div>\n\t\t\t\t<\/div>\n\t\t\t\t<\/div>\n\t\t\t\t<div class=\"elementor-element elementor-element-53f39cfd elementor-widget elementor-widget-heading\" data-id=\"53f39cfd\" data-element_type=\"widget\" data-widget_type=\"heading.default\">\n\t\t\t\t<div class=\"elementor-widget-container\">\n\t\t\t<h2 class=\"elementor-heading-title elementor-size-medium\">Certification<\/h2>\t\t<\/div>\n\t\t\t\t<\/div>\n\t\t\t\t<div class=\"elementor-element elementor-element-44f6ad0 elementor-widget elementor-widget-text-editor\" data-id=\"44f6ad0\" data-element_type=\"widget\" data-widget_type=\"text-editor.default\">\n\t\t\t\t<div class=\"elementor-widget-container\">\n\t\t\t\t\t\t\t<p>Sous la certification <strong>Qualibat 1552,<\/strong> l\u2019entreprise r\u00e9alise des travaux de retrait de mat\u00e9riaux contenant de l\u2019amiante, avec un personnel d\u00fbment qualifi\u00e9 et form\u00e9, selon une organisation stricte et des dispositions adapt\u00e9es.<\/p><p><img loading=\"lazy\" decoding=\"async\" data-attachment-id=\"530\" data-permalink=\"https:\/\/tbcdesamiantage.fr\/?attachment_id=530\" data-orig-file=\"https:\/\/i2.wp.com\/tbcdesamiantage.fr\/wp-content\/uploads\/2021\/09\/Logo-Qualibat.png?fit=2400%2C2513&amp;ssl=1\" data-orig-size=\"2400,2513\" data-comments-opened=\"1\" data-image-meta=\"{&quot;aperture&quot;:&quot;0&quot;,&quot;credit&quot;:&quot;&quot;,&quot;camera&quot;:&quot;&quot;,&quot;caption&quot;:&quot;&quot;,&quot;created_timestamp&quot;:&quot;0&quot;,&quot;copyright&quot;:&quot;&quot;,&quot;focal_length&quot;:&quot;0&quot;,&quot;iso&quot;:&quot;0&quot;,&quot;shutter_speed&quot;:&quot;0&quot;,&quot;title&quot;:&quot;&quot;,&quot;orientation&quot;:&quot;0&quot;}\" data-image-title=\"Logo Qualibat\" data-image-description=\"\" data-image-caption=\"\" data-medium-file=\"https:\/\/i2.wp.com\/tbcdesamiantage.fr\/wp-content\/uploads\/2021\/09\/Logo-Qualibat.png?fit=287%2C300&amp;ssl=1\" data-large-file=\"https:\/\/i2.wp.com\/tbcdesamiantage.fr\/wp-content\/uploads\/2021\/09\/Logo-Qualibat.png?fit=978%2C1024&amp;ssl=1\" class=\"wp-image-530 aligncenter\" src=\"https:\/\/i1.wp.com\/tbcdesamiantage.fr\/wp-content\/uploads\/2021\/09\/Logo-Qualibat-287x300.png?resize=40%2C42\" alt=\"\" width=\"40\" height=\"42\" data-recalc-dims=\"1\" srcset=\"https:\/\/i2.wp.com\/tbcdesamiantage.fr\/wp-content\/uploads\/2021\/09\/Logo-Qualibat.png?resize=287%2C300&amp;ssl=1 287w, https:\/\/i2.wp.com\/tbcdesamiantage.fr\/wp-content\/uploads\/2021\/09\/Logo-Qualibat.png?resize=978%2C1024&amp;ssl=1 978w, https:\/\/i2.wp.com\/tbcdesamiantage.fr\/wp-content\/uploads\/2021\/09\/Logo-Qualibat.png?resize=768%2C804&amp;ssl=1 768w, https:\/\/i2.wp.com\/tbcdesamiantage.fr\/wp-content\/uploads\/2021\/09\/Logo-Qualibat.png?resize=1467%2C1536&amp;ssl=1 1467w, https:\/\/i2.wp.com\/tbcdesamiantage.fr\/wp-content\/uploads\/2021\/09\/Logo-Qualibat.png?resize=1956%2C2048&amp;ssl=1 1956w\" sizes=\"(max-width: 40px) 100vw, 40px\" \/><\/p>\t\t\t\t\t\t<\/div>\n\t\t\t\t<\/div>\n\t\t\t\t\t<\/div>\n\t\t<\/div>\n\t\t\t\t<div class=\"elementor-column elementor-col-33 elementor-top-column elementor-element elementor-element-6de2cdae\" data-id=\"6de2cdae\" data-element_type=\"column\">\n\t\t\t<div class=\"elementor-widget-wrap elementor-element-populated\">\n\t\t\t\t\t\t\t\t<div class=\"elementor-element elementor-element-75706d96 elementor-align-center elementor-widget elementor-widget-button\" data-id=\"75706d96\" data-element_type=\"widget\" data-widget_type=\"button.default\">\n\t\t\t\t<div class=\"elementor-widget-container\">\n\t\t\t\t\t<div class=\"elementor-button-wrapper\">\n\t\t\t<a href=\"http:\/\/tbcdesamiantage.fr\/?page_id=985\" class=\"elementor-button-link elementor-button elementor-size-sm elementor-animation-grow\" role=\"button\">\n\t\t\t\t\t\t<span class=\"elementor-button-content-wrapper\">\n\t\t\t\t\t\t<span class=\"elementor-button-text\">Nous contacter<\/span>\n\t\t<\/span>\n\t\t\t\t\t<\/a>\n\t\t<\/div>\n\t\t\t\t<\/div>\n\t\t\t\t<\/div>\n\t\t\t\t<div class=\"elementor-element elementor-element-78e1316c elementor-align-center elementor-widget elementor-widget-button\" data-id=\"78e1316c\" data-element_type=\"widget\" data-widget_type=\"button.default\">\n\t\t\t\t<div class=\"elementor-widget-container\">\n\t\t\t\t\t<div class=\"elementor-button-wrapper\">\n\t\t\t<a href=\"http:\/\/tbcdesamiantage.fr\/?page_id=987\" class=\"elementor-button-link elementor-button elementor-size-sm elementor-animation-grow\" role=\"button\">\n\t\t\t\t\t\t<span class=\"elementor-button-content-wrapper\">\n\t\t\t\t\t\t<span class=\"elementor-button-text\">Nous rejoindre<\/span>\n\t\t<\/span>\n\t\t\t\t\t<\/a>\n\t\t<\/div>\n\t\t\t\t<\/div>\n\t\t\t\t<\/div>\n\t\t\t\t\t<\/div>\n\t\t<\/div>\n\t\t\t\t\t\t\t<\/div>\n\t\t<\/section>\n\t\t\t\t\t\t<\/div>\n\t\t\t\t\t<\/div>\n\t\t","protected":false},"excerpt":{"rendered":"<p>Mentions l\u00e9gales Raison sociale : TBC DESAMIANTAGESi\u00e8ge social : 215 IMPASSE DES GAURES 26600 CHANOS-CURSONForme juridique : Soci\u00e9t\u00e9 \u00e0 Responsabilit\u00e9 Limit\u00e9eN\u00b0 SIREN : 792 953 291Capital social : 9 000,00 \u20acResponsable : M. Jean-Marie Boisset Le site internet\u00a0www.tbcdesamiantage.fr a \u00e9t\u00e9 con\u00e7u par DIAS Rachel, 1400 route des ch\u00eanes verts \u2013 26600 Pont de l&rsquo;Is\u00e8re.L&rsquo;h\u00e9bergeur est &hellip;<\/p>\n<p class=\"read-more\"> <a class=\"\" href=\"https:\/\/tbcdesamiantage.fr\/?page_id=978\"> <span class=\"screen-reader-text\">Mentions l\u00e9gales<\/span> Lire la suite\u00a0\u00bb<\/a><\/p>\n","protected":false},"author":1,"featured_media":0,"parent":0,"menu_order":0,"comment_status":"closed","ping_status":"closed","template":"","meta":{"_ti_tpc_template_sync":false,"_ti_tpc_template_id":"","spay_email":"","footnotes":""},"_links":{"self":[{"href":"https:\/\/tbcdesamiantage.fr\/index.php?rest_route=\/wp\/v2\/pages\/978"}],"collection":[{"href":"https:\/\/tbcdesamiantage.fr\/index.php?rest_route=\/wp\/v2\/pages"}],"about":[{"href":"https:\/\/tbcdesamiantage.fr\/index.php?rest_route=\/wp\/v2\/types\/page"}],"author":[{"embeddable":true,"href":"https:\/\/tbcdesamiantage.fr\/index.php?rest_route=\/wp\/v2\/users\/1"}],"replies":[{"embeddable":true,"href":"https:\/\/tbcdesamiantage.fr\/index.php?rest_route=%2Fwp%2Fv2%2Fcomments&post=978"}],"version-history":[{"count":25,"href":"https:\/\/tbcdesamiantage.fr\/index.php?rest_route=\/wp\/v2\/pages\/978\/revisions"}],"predecessor-version":[{"id":1851,"href":"https:\/\/tbcdesamiantage.fr\/index.php?rest_route=\/wp\/v2\/pages\/978\/revisions\/1851"}],"wp:attachment":[{"href":"https:\/\/tbcdesamiantage.fr\/index.php?rest_route=%2Fwp%2Fv2%2Fmedia&parent=978"}],"curies":[{"name":"wp","href":"https:\/\/api.w.org\/{rel}","templated":true}]}}