{"id":931,"date":"2021-10-04T16:44:08","date_gmt":"2021-10-04T14:44:08","guid":{"rendered":"http:\/\/tbcdesamiantage.fr\/?page_id=931"},"modified":"2021-11-22T20:30:29","modified_gmt":"2021-11-22T19:30:29","slug":"deplombage","status":"publish","type":"page","link":"https:\/\/tbcdesamiantage.fr\/?page_id=931","title":{"rendered":"D\u00e9plombage"},"content":{"rendered":"\t\t<div data-elementor-type=\"wp-page\" data-elementor-id=\"931\" class=\"elementor elementor-931\" data-elementor-settings=\"[]\">\n\t\t\t\t\t\t\t<div class=\"elementor-section-wrap\">\n\t\t\t\t\t\t\t<section class=\"elementor-section elementor-top-section elementor-element elementor-element-3c39b6e7 elementor-section-height-min-height elementor-section-content-middle elementor-section-boxed elementor-section-height-default elementor-section-items-middle\" data-id=\"3c39b6e7\" data-element_type=\"section\" data-settings=\"{&quot;background_background&quot;:&quot;classic&quot;}\">\n\t\t\t\t\t\t\t<div class=\"elementor-background-overlay\"><\/div>\n\t\t\t\t\t\t\t<div class=\"elementor-container elementor-column-gap-default\">\n\t\t\t\t\t<div class=\"elementor-column elementor-col-100 elementor-top-column elementor-element elementor-element-10d17892\" data-id=\"10d17892\" data-element_type=\"column\">\n\t\t\t<div class=\"elementor-widget-wrap elementor-element-populated\">\n\t\t\t\t\t\t\t\t<div class=\"elementor-element elementor-element-7456e522 elementor-widget elementor-widget-heading\" data-id=\"7456e522\" data-element_type=\"widget\" data-widget_type=\"heading.default\">\n\t\t\t\t<div class=\"elementor-widget-container\">\n\t\t\t<h2 class=\"elementor-heading-title elementor-size-default\">D\u00e9plombage<\/h2>\t\t<\/div>\n\t\t\t\t<\/div>\n\t\t\t\t<div class=\"elementor-element elementor-element-52f0d1b3 elementor-align-center elementor-widget elementor-widget-button\" data-id=\"52f0d1b3\" data-element_type=\"widget\" data-widget_type=\"button.default\">\n\t\t\t\t<div class=\"elementor-widget-container\">\n\t\t\t\t\t<div class=\"elementor-button-wrapper\">\n\t\t\t<a href=\"http:\/\/tbcdesamiantage.fr\/?page_id=985\" class=\"elementor-button-link elementor-button elementor-size-sm elementor-animation-grow\" role=\"button\">\n\t\t\t\t\t\t<span class=\"elementor-button-content-wrapper\">\n\t\t\t\t\t\t<span class=\"elementor-button-text\">Nous contacter<\/span>\n\t\t<\/span>\n\t\t\t\t\t<\/a>\n\t\t<\/div>\n\t\t\t\t<\/div>\n\t\t\t\t<\/div>\n\t\t\t\t\t<\/div>\n\t\t<\/div>\n\t\t\t\t\t\t\t<\/div>\n\t\t<\/section>\n\t\t\t\t<section class=\"elementor-section elementor-top-section elementor-element elementor-element-1f40cc18 elementor-section-full_width elementor-section-content-middle elementor-section-height-default elementor-section-height-default\" data-id=\"1f40cc18\" data-element_type=\"section\">\n\t\t\t\t\t\t<div class=\"elementor-container elementor-column-gap-no\">\n\t\t\t\t\t<div class=\"elementor-column elementor-col-50 elementor-top-column elementor-element elementor-element-13b1dff8\" data-id=\"13b1dff8\" data-element_type=\"column\">\n\t\t\t<div class=\"elementor-widget-wrap elementor-element-populated\">\n\t\t\t\t\t\t\t\t<div class=\"elementor-element elementor-element-3d0ca021 elementor-widget elementor-widget-heading\" data-id=\"3d0ca021\" data-element_type=\"widget\" data-widget_type=\"heading.default\">\n\t\t\t\t<div class=\"elementor-widget-container\">\n\t\t\t<h3 class=\"elementor-heading-title elementor-size-default\">Qu'est ce que le plomb ?<\/h3>\t\t<\/div>\n\t\t\t\t<\/div>\n\t\t\t\t<div class=\"elementor-element elementor-element-5a818f87 elementor-widget elementor-widget-text-editor\" data-id=\"5a818f87\" data-element_type=\"widget\" data-widget_type=\"text-editor.default\">\n\t\t\t\t<div class=\"elementor-widget-container\">\n\t\t\t\t\t\t\t<p>Le plomb est l\u2019un des m\u00e9taux les plus anciennement connus et travaill\u00e9. Il comporte des propri\u00e9t\u00e9s r\u00e9sistantes et a notamment \u00e9t\u00e9 utilis\u00e9 dans la fabrication de conduites d\u2019eau et dans diff\u00e9rentes peintures. On parle alors de c\u00e9ruse et de peinture au plomb. Il fait partie des 3 contaminants les plus toxiques et fr\u00e9quents dans notre environnement (avec le mercure et le cadmium). En s\u2019accumulant dans l\u2019organisme, il provoque de graves maladies. Il est donc indispensable de limiter au maximum l\u2019exposition \u00e0 cet agent chimique CMR. Les principaux secteurs d\u2019activit\u00e9s expos\u00e9s et dont le traitement du plomb est n\u00e9cessaire sont le b\u00e2timent, l\u2019industrie et l\u2019artisanat.<\/p>\t\t\t\t\t\t<\/div>\n\t\t\t\t<\/div>\n\t\t\t\t<div class=\"elementor-element elementor-element-79546fd elementor-widget elementor-widget-heading\" data-id=\"79546fd\" data-element_type=\"widget\" data-widget_type=\"heading.default\">\n\t\t\t\t<div class=\"elementor-widget-container\">\n\t\t\t<h3 class=\"elementor-heading-title elementor-size-default\">Nos comp\u00e9tences<\/h3>\t\t<\/div>\n\t\t\t\t<\/div>\n\t\t\t\t<div class=\"elementor-element elementor-element-ebb09e2 elementor-widget elementor-widget-text-editor\" data-id=\"ebb09e2\" data-element_type=\"widget\" data-widget_type=\"text-editor.default\">\n\t\t\t\t<div class=\"elementor-widget-container\">\n\t\t\t\t\t\t\t<p>Nous intervenons pour d\u00e9plomber des b\u00e2timents o\u00f9 le niveau d\u2019exposition au plomb repr\u00e9sente un impact sanitaire et environnemental \u00e9lev\u00e9.<\/p><p>Nos salari\u00e9s qualifi\u00e9s mettront tout en \u0153uvre pour assurer la s\u00e9curit\u00e9 et le bon d\u00e9roulement des travaux de d\u00e9plombage.<\/p>\t\t\t\t\t\t<\/div>\n\t\t\t\t<\/div>\n\t\t\t\t\t<\/div>\n\t\t<\/div>\n\t\t\t\t<div class=\"elementor-column elementor-col-50 elementor-top-column elementor-element elementor-element-2062e65b\" data-id=\"2062e65b\" data-element_type=\"column\">\n\t\t\t<div class=\"elementor-widget-wrap elementor-element-populated\">\n\t\t\t\t\t\t\t\t<div class=\"elementor-element elementor-element-3457334e elementor-widget elementor-widget-image\" data-id=\"3457334e\" data-element_type=\"widget\" data-widget_type=\"image.default\">\n\t\t\t\t<div class=\"elementor-widget-container\">\n\t\t\t\t\t\t\t\t\t\t\t\t\t\t\t<img loading=\"lazy\" decoding=\"async\" width=\"1756\" height=\"2560\" src=\"https:\/\/i0.wp.com\/tbcdesamiantage.fr\/wp-content\/uploads\/2021\/10\/TBC-81-web-scaled.jpg?fit=1756%2C2560&amp;ssl=1\" class=\"attachment-full size-full\" alt=\"\" srcset=\"https:\/\/i0.wp.com\/tbcdesamiantage.fr\/wp-content\/uploads\/2021\/10\/TBC-81-web-scaled.jpg?w=1756&amp;ssl=1 1756w, https:\/\/i0.wp.com\/tbcdesamiantage.fr\/wp-content\/uploads\/2021\/10\/TBC-81-web-scaled.jpg?resize=206%2C300&amp;ssl=1 206w, https:\/\/i0.wp.com\/tbcdesamiantage.fr\/wp-content\/uploads\/2021\/10\/TBC-81-web-scaled.jpg?resize=702%2C1024&amp;ssl=1 702w, https:\/\/i0.wp.com\/tbcdesamiantage.fr\/wp-content\/uploads\/2021\/10\/TBC-81-web-scaled.jpg?resize=768%2C1120&amp;ssl=1 768w, https:\/\/i0.wp.com\/tbcdesamiantage.fr\/wp-content\/uploads\/2021\/10\/TBC-81-web-scaled.jpg?resize=1054%2C1536&amp;ssl=1 1054w, https:\/\/i0.wp.com\/tbcdesamiantage.fr\/wp-content\/uploads\/2021\/10\/TBC-81-web-scaled.jpg?resize=1405%2C2048&amp;ssl=1 1405w\" sizes=\"(max-width: 1000px) 100vw, 1000px\" data-attachment-id=\"1473\" data-permalink=\"https:\/\/tbcdesamiantage.fr\/?attachment_id=1473\" data-orig-file=\"https:\/\/i0.wp.com\/tbcdesamiantage.fr\/wp-content\/uploads\/2021\/10\/TBC-81-web-scaled.jpg?fit=1756%2C2560&amp;ssl=1\" data-orig-size=\"1756,2560\" data-comments-opened=\"1\" data-image-meta=\"{&quot;aperture&quot;:&quot;3.2&quot;,&quot;credit&quot;:&quot;Lea Cuvinot&quot;,&quot;camera&quot;:&quot;NIKON D750&quot;,&quot;caption&quot;:&quot;&quot;,&quot;created_timestamp&quot;:&quot;1631874330&quot;,&quot;copyright&quot;:&quot;&quot;,&quot;focal_length&quot;:&quot;24&quot;,&quot;iso&quot;:&quot;4500&quot;,&quot;shutter_speed&quot;:&quot;0.01&quot;,&quot;title&quot;:&quot;&quot;,&quot;orientation&quot;:&quot;1&quot;}\" data-image-title=\"\" data-image-description=\"\" data-image-caption=\"\" data-medium-file=\"https:\/\/i0.wp.com\/tbcdesamiantage.fr\/wp-content\/uploads\/2021\/10\/TBC-81-web-scaled.jpg?fit=206%2C300&amp;ssl=1\" data-large-file=\"https:\/\/i0.wp.com\/tbcdesamiantage.fr\/wp-content\/uploads\/2021\/10\/TBC-81-web-scaled.jpg?fit=702%2C1024&amp;ssl=1\" \/>\t\t\t\t\t\t\t\t\t\t\t\t\t\t\t<\/div>\n\t\t\t\t<\/div>\n\t\t\t\t\t<\/div>\n\t\t<\/div>\n\t\t\t\t\t\t\t<\/div>\n\t\t<\/section>\n\t\t\t\t<section class=\"elementor-section elementor-top-section elementor-element elementor-element-13613fcd elementor-section-height-min-height elementor-section-boxed elementor-section-height-default elementor-section-items-middle\" data-id=\"13613fcd\" data-element_type=\"section\" data-settings=\"{&quot;background_background&quot;:&quot;classic&quot;}\">\n\t\t\t\t\t\t\t<div class=\"elementor-background-overlay\"><\/div>\n\t\t\t\t\t\t\t<div class=\"elementor-container elementor-column-gap-default\">\n\t\t\t\t\t<div class=\"elementor-column elementor-col-33 elementor-top-column elementor-element elementor-element-3f5a7761\" data-id=\"3f5a7761\" data-element_type=\"column\">\n\t\t\t<div class=\"elementor-widget-wrap elementor-element-populated\">\n\t\t\t\t\t\t\t\t<div class=\"elementor-element elementor-element-3f8790c0 elementor-widget elementor-widget-heading\" data-id=\"3f8790c0\" data-element_type=\"widget\" data-widget_type=\"heading.default\">\n\t\t\t\t<div class=\"elementor-widget-container\">\n\t\t\t<h2 class=\"elementor-heading-title elementor-size-default\">TBC D\u00e9samiantage<\/h2>\t\t<\/div>\n\t\t\t\t<\/div>\n\t\t\t\t<div class=\"elementor-element elementor-element-2ac771fa elementor-widget elementor-widget-heading\" data-id=\"2ac771fa\" data-element_type=\"widget\" data-widget_type=\"heading.default\">\n\t\t\t\t<div class=\"elementor-widget-container\">\n\t\t\t<h2 class=\"elementor-heading-title elementor-size-medium\"><a href=\"http:\/\/tbcdesamiantage.fr\/?page_id=923\">L'entreprise<\/a><\/h2>\t\t<\/div>\n\t\t\t\t<\/div>\n\t\t\t\t<div class=\"elementor-element elementor-element-39a27996 elementor-icon-list--layout-traditional elementor-list-item-link-full_width elementor-widget elementor-widget-icon-list\" data-id=\"39a27996\" data-element_type=\"widget\" data-widget_type=\"icon-list.default\">\n\t\t\t\t<div class=\"elementor-widget-container\">\n\t\t\t\t\t<ul class=\"elementor-icon-list-items\">\n\t\t\t\t\t\t\t<li class=\"elementor-icon-list-item\">\n\t\t\t\t\t\t\t\t\t\t\t<a href=\"http:\/\/tbcdesamiantage.fr\/?page_id=930\">\n\n\t\t\t\t\t\t\t\t\t\t\t\t<span class=\"elementor-icon-list-icon\">\n\t\t\t\t\t\t\t<svg xmlns=\"http:\/\/www.w3.org\/2000\/svg\" xmlns:xlink=\"http:\/\/www.w3.org\/1999\/xlink\" id=\"&#x421;&#x43B;&#x43E;&#x439;_1\" x=\"0px\" y=\"0px\" viewBox=\"0 0 180.43 197.83\" style=\"enable-background:new 0 0 180.43 197.83;\" xml:space=\"preserve\">\n<style type=\"text\/css\">\n\t.st0{fill:#FFFFFF;}\n<\/style>\n<g>\n\t<g>\n\t\t<g>\n\t\t\t<polygon class=\"st0\" points=\"76.32,178.78 42.55,145.01 87.07,100.49 42.55,55.97 76.32,22.19 154.61,100.49    \"><\/polygon>\n\t\t<\/g>\n\t<\/g>\n<\/g>\n<\/svg>\t\t\t\t\t\t<\/span>\n\t\t\t\t\t\t\t\t\t\t<span class=\"elementor-icon-list-text\">D\u00e9samiantage<\/span>\n\t\t\t\t\t\t\t\t\t\t\t<\/a>\n\t\t\t\t\t\t\t\t\t<\/li>\n\t\t\t\t\t\t\t\t<li class=\"elementor-icon-list-item\">\n\t\t\t\t\t\t\t\t\t\t\t<a href=\"http:\/\/tbcdesamiantage.fr\/?page_id=931\">\n\n\t\t\t\t\t\t\t\t\t\t\t\t<span class=\"elementor-icon-list-icon\">\n\t\t\t\t\t\t\t<svg xmlns=\"http:\/\/www.w3.org\/2000\/svg\" xmlns:xlink=\"http:\/\/www.w3.org\/1999\/xlink\" id=\"&#x421;&#x43B;&#x43E;&#x439;_1\" x=\"0px\" y=\"0px\" viewBox=\"0 0 180.43 197.83\" style=\"enable-background:new 0 0 180.43 197.83;\" xml:space=\"preserve\">\n<style type=\"text\/css\">\n\t.st0{fill:#FFFFFF;}\n<\/style>\n<g>\n\t<g>\n\t\t<g>\n\t\t\t<polygon class=\"st0\" points=\"76.32,178.78 42.55,145.01 87.07,100.49 42.55,55.97 76.32,22.19 154.61,100.49    \"><\/polygon>\n\t\t<\/g>\n\t<\/g>\n<\/g>\n<\/svg>\t\t\t\t\t\t<\/span>\n\t\t\t\t\t\t\t\t\t\t<span class=\"elementor-icon-list-text\">D\u00e9plombage<\/span>\n\t\t\t\t\t\t\t\t\t\t\t<\/a>\n\t\t\t\t\t\t\t\t\t<\/li>\n\t\t\t\t\t\t\t\t<li class=\"elementor-icon-list-item\">\n\t\t\t\t\t\t\t\t\t\t\t<a href=\"http:\/\/tbcdesamiantage.fr\/?page_id=932\">\n\n\t\t\t\t\t\t\t\t\t\t\t\t<span class=\"elementor-icon-list-icon\">\n\t\t\t\t\t\t\t<svg xmlns=\"http:\/\/www.w3.org\/2000\/svg\" xmlns:xlink=\"http:\/\/www.w3.org\/1999\/xlink\" id=\"&#x421;&#x43B;&#x43E;&#x439;_1\" x=\"0px\" y=\"0px\" viewBox=\"0 0 180.43 197.83\" style=\"enable-background:new 0 0 180.43 197.83;\" xml:space=\"preserve\">\n<style type=\"text\/css\">\n\t.st0{fill:#FFFFFF;}\n<\/style>\n<g>\n\t<g>\n\t\t<g>\n\t\t\t<polygon class=\"st0\" points=\"76.32,178.78 42.55,145.01 87.07,100.49 42.55,55.97 76.32,22.19 154.61,100.49    \"><\/polygon>\n\t\t<\/g>\n\t<\/g>\n<\/g>\n<\/svg>\t\t\t\t\t\t<\/span>\n\t\t\t\t\t\t\t\t\t\t<span class=\"elementor-icon-list-text\">D\u00e9pollution<\/span>\n\t\t\t\t\t\t\t\t\t\t\t<\/a>\n\t\t\t\t\t\t\t\t\t<\/li>\n\t\t\t\t\t\t<\/ul>\n\t\t\t\t<\/div>\n\t\t\t\t<\/div>\n\t\t\t\t<div class=\"elementor-element elementor-element-67c56630 elementor-widget elementor-widget-heading\" data-id=\"67c56630\" data-element_type=\"widget\" data-widget_type=\"heading.default\">\n\t\t\t\t<div class=\"elementor-widget-container\">\n\t\t\t<h2 class=\"elementor-heading-title elementor-size-medium\"><a href=\"http:\/\/tbcdesamiantage.fr\/?page_id=924\">Nos r\u00e9alisations<\/a><\/h2>\t\t<\/div>\n\t\t\t\t<\/div>\n\t\t\t\t<div class=\"elementor-element elementor-element-67b7e4b5 elementor-widget elementor-widget-heading\" data-id=\"67b7e4b5\" data-element_type=\"widget\" data-widget_type=\"heading.default\">\n\t\t\t\t<div class=\"elementor-widget-container\">\n\t\t\t<h2 class=\"elementor-heading-title elementor-size-medium\"><a href=\"http:\/\/tbcdesamiantage.fr\/?page_id=978\">Mentions l\u00e9gales<\/a><\/h2>\t\t<\/div>\n\t\t\t\t<\/div>\n\t\t\t\t\t<\/div>\n\t\t<\/div>\n\t\t\t\t<div class=\"elementor-column elementor-col-33 elementor-top-column elementor-element elementor-element-1b863e8a\" data-id=\"1b863e8a\" data-element_type=\"column\">\n\t\t\t<div class=\"elementor-widget-wrap elementor-element-populated\">\n\t\t\t\t\t\t\t\t<div class=\"elementor-element elementor-element-3ed30e0e elementor-widget elementor-widget-spacer\" data-id=\"3ed30e0e\" data-element_type=\"widget\" data-widget_type=\"spacer.default\">\n\t\t\t\t<div class=\"elementor-widget-container\">\n\t\t\t\t\t<div class=\"elementor-spacer\">\n\t\t\t<div class=\"elementor-spacer-inner\"><\/div>\n\t\t<\/div>\n\t\t\t\t<\/div>\n\t\t\t\t<\/div>\n\t\t\t\t<div class=\"elementor-element elementor-element-62771dd9 elementor-widget elementor-widget-spacer\" data-id=\"62771dd9\" data-element_type=\"widget\" data-widget_type=\"spacer.default\">\n\t\t\t\t<div class=\"elementor-widget-container\">\n\t\t\t\t\t<div class=\"elementor-spacer\">\n\t\t\t<div class=\"elementor-spacer-inner\"><\/div>\n\t\t<\/div>\n\t\t\t\t<\/div>\n\t\t\t\t<\/div>\n\t\t\t\t<div class=\"elementor-element elementor-element-6a81deb4 elementor-widget elementor-widget-heading\" data-id=\"6a81deb4\" data-element_type=\"widget\" data-widget_type=\"heading.default\">\n\t\t\t\t<div class=\"elementor-widget-container\">\n\t\t\t<h2 class=\"elementor-heading-title elementor-size-medium\">Certification<\/h2>\t\t<\/div>\n\t\t\t\t<\/div>\n\t\t\t\t<div class=\"elementor-element elementor-element-7f0b871b elementor-widget elementor-widget-text-editor\" data-id=\"7f0b871b\" data-element_type=\"widget\" data-widget_type=\"text-editor.default\">\n\t\t\t\t<div class=\"elementor-widget-container\">\n\t\t\t\t\t\t\t<p>Sous la certification <strong>Qualibat 1552,<\/strong> l\u2019entreprise r\u00e9alise des travaux de retrait de mat\u00e9riaux contenant de l\u2019amiante, avec un personnel d\u00fbment qualifi\u00e9 et form\u00e9, selon une organisation stricte et des dispositions adapt\u00e9es.<\/p><p><img loading=\"lazy\" decoding=\"async\" data-attachment-id=\"530\" data-permalink=\"https:\/\/tbcdesamiantage.fr\/?attachment_id=530\" data-orig-file=\"https:\/\/i2.wp.com\/tbcdesamiantage.fr\/wp-content\/uploads\/2021\/09\/Logo-Qualibat.png?fit=2400%2C2513&amp;ssl=1\" data-orig-size=\"2400,2513\" data-comments-opened=\"1\" data-image-meta=\"{&quot;aperture&quot;:&quot;0&quot;,&quot;credit&quot;:&quot;&quot;,&quot;camera&quot;:&quot;&quot;,&quot;caption&quot;:&quot;&quot;,&quot;created_timestamp&quot;:&quot;0&quot;,&quot;copyright&quot;:&quot;&quot;,&quot;focal_length&quot;:&quot;0&quot;,&quot;iso&quot;:&quot;0&quot;,&quot;shutter_speed&quot;:&quot;0&quot;,&quot;title&quot;:&quot;&quot;,&quot;orientation&quot;:&quot;0&quot;}\" data-image-title=\"Logo Qualibat\" data-image-description=\"\" data-image-caption=\"\" data-medium-file=\"https:\/\/i2.wp.com\/tbcdesamiantage.fr\/wp-content\/uploads\/2021\/09\/Logo-Qualibat.png?fit=287%2C300&amp;ssl=1\" data-large-file=\"https:\/\/i2.wp.com\/tbcdesamiantage.fr\/wp-content\/uploads\/2021\/09\/Logo-Qualibat.png?fit=978%2C1024&amp;ssl=1\" class=\"wp-image-530 aligncenter\" src=\"https:\/\/i1.wp.com\/tbcdesamiantage.fr\/wp-content\/uploads\/2021\/09\/Logo-Qualibat-287x300.png?resize=40%2C42\" alt=\"\" width=\"40\" height=\"42\" data-recalc-dims=\"1\" srcset=\"https:\/\/i2.wp.com\/tbcdesamiantage.fr\/wp-content\/uploads\/2021\/09\/Logo-Qualibat.png?resize=287%2C300&amp;ssl=1 287w, https:\/\/i2.wp.com\/tbcdesamiantage.fr\/wp-content\/uploads\/2021\/09\/Logo-Qualibat.png?resize=978%2C1024&amp;ssl=1 978w, https:\/\/i2.wp.com\/tbcdesamiantage.fr\/wp-content\/uploads\/2021\/09\/Logo-Qualibat.png?resize=768%2C804&amp;ssl=1 768w, https:\/\/i2.wp.com\/tbcdesamiantage.fr\/wp-content\/uploads\/2021\/09\/Logo-Qualibat.png?resize=1467%2C1536&amp;ssl=1 1467w, https:\/\/i2.wp.com\/tbcdesamiantage.fr\/wp-content\/uploads\/2021\/09\/Logo-Qualibat.png?resize=1956%2C2048&amp;ssl=1 1956w\" sizes=\"(max-width: 40px) 100vw, 40px\" \/><\/p>\t\t\t\t\t\t<\/div>\n\t\t\t\t<\/div>\n\t\t\t\t\t<\/div>\n\t\t<\/div>\n\t\t\t\t<div class=\"elementor-column elementor-col-33 elementor-top-column elementor-element elementor-element-7df842a4\" data-id=\"7df842a4\" data-element_type=\"column\">\n\t\t\t<div class=\"elementor-widget-wrap elementor-element-populated\">\n\t\t\t\t\t\t\t\t<div class=\"elementor-element elementor-element-113fb1d7 elementor-align-center elementor-widget elementor-widget-button\" data-id=\"113fb1d7\" data-element_type=\"widget\" data-widget_type=\"button.default\">\n\t\t\t\t<div class=\"elementor-widget-container\">\n\t\t\t\t\t<div class=\"elementor-button-wrapper\">\n\t\t\t<a href=\"http:\/\/tbcdesamiantage.fr\/?page_id=985\" class=\"elementor-button-link elementor-button elementor-size-sm elementor-animation-grow\" role=\"button\">\n\t\t\t\t\t\t<span class=\"elementor-button-content-wrapper\">\n\t\t\t\t\t\t<span class=\"elementor-button-text\">Nous contacter<\/span>\n\t\t<\/span>\n\t\t\t\t\t<\/a>\n\t\t<\/div>\n\t\t\t\t<\/div>\n\t\t\t\t<\/div>\n\t\t\t\t<div class=\"elementor-element elementor-element-19e23213 elementor-align-center elementor-widget elementor-widget-button\" data-id=\"19e23213\" data-element_type=\"widget\" data-widget_type=\"button.default\">\n\t\t\t\t<div class=\"elementor-widget-container\">\n\t\t\t\t\t<div class=\"elementor-button-wrapper\">\n\t\t\t<a href=\"http:\/\/tbcdesamiantage.fr\/?page_id=987\" class=\"elementor-button-link elementor-button elementor-size-sm elementor-animation-grow\" role=\"button\">\n\t\t\t\t\t\t<span class=\"elementor-button-content-wrapper\">\n\t\t\t\t\t\t<span class=\"elementor-button-text\">Nous rejoindre<\/span>\n\t\t<\/span>\n\t\t\t\t\t<\/a>\n\t\t<\/div>\n\t\t\t\t<\/div>\n\t\t\t\t<\/div>\n\t\t\t\t\t<\/div>\n\t\t<\/div>\n\t\t\t\t\t\t\t<\/div>\n\t\t<\/section>\n\t\t\t\t\t\t<\/div>\n\t\t\t\t\t<\/div>\n\t\t","protected":false},"excerpt":{"rendered":"<p>D\u00e9plombage Nous contacter Qu&rsquo;est ce que le plomb ? Le plomb est l\u2019un des m\u00e9taux les plus anciennement connus et travaill\u00e9. Il comporte des propri\u00e9t\u00e9s r\u00e9sistantes et a notamment \u00e9t\u00e9 utilis\u00e9 dans la fabrication de conduites d\u2019eau et dans diff\u00e9rentes peintures. On parle alors de c\u00e9ruse et de peinture au plomb. Il fait partie des &hellip;<\/p>\n<p class=\"read-more\"> <a class=\"\" href=\"https:\/\/tbcdesamiantage.fr\/?page_id=931\"> <span class=\"screen-reader-text\">D\u00e9plombage<\/span> Lire la suite\u00a0\u00bb<\/a><\/p>\n","protected":false},"author":1,"featured_media":0,"parent":0,"menu_order":0,"comment_status":"closed","ping_status":"closed","template":"","meta":{"_ti_tpc_template_sync":false,"_ti_tpc_template_id":"","spay_email":"","footnotes":""},"_links":{"self":[{"href":"https:\/\/tbcdesamiantage.fr\/index.php?rest_route=\/wp\/v2\/pages\/931"}],"collection":[{"href":"https:\/\/tbcdesamiantage.fr\/index.php?rest_route=\/wp\/v2\/pages"}],"about":[{"href":"https:\/\/tbcdesamiantage.fr\/index.php?rest_route=\/wp\/v2\/types\/page"}],"author":[{"embeddable":true,"href":"https:\/\/tbcdesamiantage.fr\/index.php?rest_route=\/wp\/v2\/users\/1"}],"replies":[{"embeddable":true,"href":"https:\/\/tbcdesamiantage.fr\/index.php?rest_route=%2Fwp%2Fv2%2Fcomments&post=931"}],"version-history":[{"count":61,"href":"https:\/\/tbcdesamiantage.fr\/index.php?rest_route=\/wp\/v2\/pages\/931\/revisions"}],"predecessor-version":[{"id":1800,"href":"https:\/\/tbcdesamiantage.fr\/index.php?rest_route=\/wp\/v2\/pages\/931\/revisions\/1800"}],"wp:attachment":[{"href":"https:\/\/tbcdesamiantage.fr\/index.php?rest_route=%2Fwp%2Fv2%2Fmedia&parent=931"}],"curies":[{"name":"wp","href":"https:\/\/api.w.org\/{rel}","templated":true}]}}