{"id":930,"date":"2021-10-04T16:44:08","date_gmt":"2021-10-04T14:44:08","guid":{"rendered":"http:\/\/tbcdesamiantage.fr\/?page_id=930"},"modified":"2021-11-22T20:32:22","modified_gmt":"2021-11-22T19:32:22","slug":"desamiantage","status":"publish","type":"page","link":"https:\/\/tbcdesamiantage.fr\/?page_id=930","title":{"rendered":"D\u00e9samiantage"},"content":{"rendered":"\t\t<div data-elementor-type=\"wp-page\" data-elementor-id=\"930\" class=\"elementor elementor-930\" data-elementor-settings=\"[]\">\n\t\t\t\t\t\t\t<div class=\"elementor-section-wrap\">\n\t\t\t\t\t\t\t<section class=\"elementor-section elementor-top-section elementor-element elementor-element-3b28fb4 elementor-section-height-min-height elementor-section-content-middle elementor-section-boxed elementor-section-height-default elementor-section-items-middle\" data-id=\"3b28fb4\" data-element_type=\"section\" data-settings=\"{&quot;background_background&quot;:&quot;classic&quot;}\">\n\t\t\t\t\t\t\t<div class=\"elementor-background-overlay\"><\/div>\n\t\t\t\t\t\t\t<div class=\"elementor-container elementor-column-gap-default\">\n\t\t\t\t\t<div class=\"elementor-column elementor-col-100 elementor-top-column elementor-element elementor-element-2c2a1121\" data-id=\"2c2a1121\" data-element_type=\"column\">\n\t\t\t<div class=\"elementor-widget-wrap elementor-element-populated\">\n\t\t\t\t\t\t\t\t<div class=\"elementor-element elementor-element-6b3d456d elementor-widget elementor-widget-heading\" data-id=\"6b3d456d\" data-element_type=\"widget\" data-widget_type=\"heading.default\">\n\t\t\t\t<div class=\"elementor-widget-container\">\n\t\t\t<h2 class=\"elementor-heading-title elementor-size-default\">D\u00e9samiantage<\/h2>\t\t<\/div>\n\t\t\t\t<\/div>\n\t\t\t\t<div class=\"elementor-element elementor-element-566fcd9e elementor-align-center elementor-widget elementor-widget-button\" data-id=\"566fcd9e\" data-element_type=\"widget\" data-widget_type=\"button.default\">\n\t\t\t\t<div class=\"elementor-widget-container\">\n\t\t\t\t\t<div class=\"elementor-button-wrapper\">\n\t\t\t<a href=\"http:\/\/tbcdesamiantage.fr\/?page_id=985\" class=\"elementor-button-link elementor-button elementor-size-sm elementor-animation-grow\" role=\"button\">\n\t\t\t\t\t\t<span class=\"elementor-button-content-wrapper\">\n\t\t\t\t\t\t<span class=\"elementor-button-text\">Nous contacter<\/span>\n\t\t<\/span>\n\t\t\t\t\t<\/a>\n\t\t<\/div>\n\t\t\t\t<\/div>\n\t\t\t\t<\/div>\n\t\t\t\t\t<\/div>\n\t\t<\/div>\n\t\t\t\t\t\t\t<\/div>\n\t\t<\/section>\n\t\t\t\t<section class=\"elementor-section elementor-top-section elementor-element elementor-element-4b6ea5bc elementor-section-full_width elementor-section-content-middle elementor-section-height-default elementor-section-height-default\" data-id=\"4b6ea5bc\" data-element_type=\"section\">\n\t\t\t\t\t\t<div class=\"elementor-container elementor-column-gap-no\">\n\t\t\t\t\t<div class=\"elementor-column elementor-col-50 elementor-top-column elementor-element elementor-element-57fa1453\" data-id=\"57fa1453\" data-element_type=\"column\">\n\t\t\t<div class=\"elementor-widget-wrap elementor-element-populated\">\n\t\t\t\t\t\t\t\t<div class=\"elementor-element elementor-element-196cdf47 elementor-widget elementor-widget-heading\" data-id=\"196cdf47\" data-element_type=\"widget\" data-widget_type=\"heading.default\">\n\t\t\t\t<div class=\"elementor-widget-container\">\n\t\t\t<h3 class=\"elementor-heading-title elementor-size-default\">Qu'est ce que l'amiante ?<\/h3>\t\t<\/div>\n\t\t\t\t<\/div>\n\t\t\t\t<div class=\"elementor-element elementor-element-375798c elementor-widget elementor-widget-text-editor\" data-id=\"375798c\" data-element_type=\"widget\" data-widget_type=\"text-editor.default\">\n\t\t\t\t<div class=\"elementor-widget-container\">\n\t\t\t\t\t\t\t<p>L\u2019amiante qui est interdit en France depuis 1997, repr\u00e9sente un probl\u00e8me consid\u00e9rable pour la sant\u00e9 de la population. Ce mat\u00e9riau min\u00e9ral dont les fibres sont invisibles \u00e0 l\u2019\u0153il nu comporte de multiples avantages (r\u00e9sistant, isolant, absorbant\u2026). Pr\u00e9sent dans plus de 3500 produits identifi\u00e9s, il est pr\u00e9sent dans tous les secteurs d\u2019activit\u00e9s et a \u00e9t\u00e9 hautement utilis\u00e9 dans le BTP et l\u2019industrie. On peut en trouver par exemple sur des plaques de toiture, conduits, bardages, mastics de fen\u00eatre, faux plafonds, dalles de sol avec colle, colles de carrelage, de fa\u00efences, de plinthes\u2026 Les fibres d\u2019amiante qui se dispersent sont tr\u00e8s toxiques et peuvent entrainer diff\u00e9rentes maladies graves. De nos jours, de nombreux b\u00e2timents et \u00e9quipements comporte encore de l\u2019amiante.<\/p>\t\t\t\t\t\t<\/div>\n\t\t\t\t<\/div>\n\t\t\t\t<div class=\"elementor-element elementor-element-aa0f262 elementor-widget elementor-widget-heading\" data-id=\"aa0f262\" data-element_type=\"widget\" data-widget_type=\"heading.default\">\n\t\t\t\t<div class=\"elementor-widget-container\">\n\t\t\t<h3 class=\"elementor-heading-title elementor-size-default\">Nos certifications<\/h3>\t\t<\/div>\n\t\t\t\t<\/div>\n\t\t\t\t<div class=\"elementor-element elementor-element-f2deb29 elementor-widget elementor-widget-text-editor\" data-id=\"f2deb29\" data-element_type=\"widget\" data-widget_type=\"text-editor.default\">\n\t\t\t\t<div class=\"elementor-widget-container\">\n\t\t\t\t\t\t\t<p>TBC D\u00e9samiantage, r\u00e9f\u00e9rence en Dr\u00f4me, Ard\u00e8che et Is\u00e8re du retrait de l&rsquo;amiante.<\/p><p>Depuis 2013, notre entreprise dispose de la qualification <strong>Qualibat 1552<\/strong> et r\u00e9pond \u00e0 votre probl\u00e9matique du retrait de l\u2019amiante avec nos \u00e9quipes form\u00e9es en d\u00e9samiantage.<\/p>\t\t\t\t\t\t<\/div>\n\t\t\t\t<\/div>\n\t\t\t\t\t<\/div>\n\t\t<\/div>\n\t\t\t\t<div class=\"elementor-column elementor-col-50 elementor-top-column elementor-element elementor-element-43bd6028\" data-id=\"43bd6028\" data-element_type=\"column\">\n\t\t\t<div class=\"elementor-widget-wrap elementor-element-populated\">\n\t\t\t\t\t\t\t\t<div class=\"elementor-element elementor-element-69464424 elementor-widget elementor-widget-image\" data-id=\"69464424\" data-element_type=\"widget\" data-widget_type=\"image.default\">\n\t\t\t\t<div class=\"elementor-widget-container\">\n\t\t\t\t\t\t\t\t\t\t\t\t\t\t\t<img loading=\"lazy\" decoding=\"async\" width=\"1709\" height=\"2560\" src=\"https:\/\/i1.wp.com\/tbcdesamiantage.fr\/wp-content\/uploads\/2021\/10\/TBC-6-scaled.jpg?fit=1709%2C2560&amp;ssl=1\" class=\"attachment-full size-full\" alt=\"\" srcset=\"https:\/\/i1.wp.com\/tbcdesamiantage.fr\/wp-content\/uploads\/2021\/10\/TBC-6-scaled.jpg?w=1709&amp;ssl=1 1709w, https:\/\/i1.wp.com\/tbcdesamiantage.fr\/wp-content\/uploads\/2021\/10\/TBC-6-scaled.jpg?resize=200%2C300&amp;ssl=1 200w, https:\/\/i1.wp.com\/tbcdesamiantage.fr\/wp-content\/uploads\/2021\/10\/TBC-6-scaled.jpg?resize=684%2C1024&amp;ssl=1 684w, https:\/\/i1.wp.com\/tbcdesamiantage.fr\/wp-content\/uploads\/2021\/10\/TBC-6-scaled.jpg?resize=768%2C1151&amp;ssl=1 768w, https:\/\/i1.wp.com\/tbcdesamiantage.fr\/wp-content\/uploads\/2021\/10\/TBC-6-scaled.jpg?resize=1025%2C1536&amp;ssl=1 1025w, https:\/\/i1.wp.com\/tbcdesamiantage.fr\/wp-content\/uploads\/2021\/10\/TBC-6-scaled.jpg?resize=1367%2C2048&amp;ssl=1 1367w\" sizes=\"(max-width: 1000px) 100vw, 1000px\" data-attachment-id=\"1370\" data-permalink=\"https:\/\/tbcdesamiantage.fr\/?attachment_id=1370\" data-orig-file=\"https:\/\/i1.wp.com\/tbcdesamiantage.fr\/wp-content\/uploads\/2021\/10\/TBC-6-scaled.jpg?fit=1709%2C2560&amp;ssl=1\" data-orig-size=\"1709,2560\" data-comments-opened=\"1\" data-image-meta=\"{&quot;aperture&quot;:&quot;3.5&quot;,&quot;credit&quot;:&quot;Lea Cuvinot&quot;,&quot;camera&quot;:&quot;NIKON D750&quot;,&quot;caption&quot;:&quot;&quot;,&quot;created_timestamp&quot;:&quot;1631868113&quot;,&quot;copyright&quot;:&quot;&quot;,&quot;focal_length&quot;:&quot;56&quot;,&quot;iso&quot;:&quot;160&quot;,&quot;shutter_speed&quot;:&quot;0.008&quot;,&quot;title&quot;:&quot;&quot;,&quot;orientation&quot;:&quot;1&quot;}\" data-image-title=\"\" data-image-description=\"\" data-image-caption=\"\" data-medium-file=\"https:\/\/i1.wp.com\/tbcdesamiantage.fr\/wp-content\/uploads\/2021\/10\/TBC-6-scaled.jpg?fit=200%2C300&amp;ssl=1\" data-large-file=\"https:\/\/i1.wp.com\/tbcdesamiantage.fr\/wp-content\/uploads\/2021\/10\/TBC-6-scaled.jpg?fit=684%2C1024&amp;ssl=1\" \/>\t\t\t\t\t\t\t\t\t\t\t\t\t\t\t<\/div>\n\t\t\t\t<\/div>\n\t\t\t\t\t<\/div>\n\t\t<\/div>\n\t\t\t\t\t\t\t<\/div>\n\t\t<\/section>\n\t\t\t\t<section class=\"elementor-section elementor-top-section elementor-element elementor-element-a883324 elementor-section-full_width elementor-section-content-middle elementor-section-height-default elementor-section-height-default\" data-id=\"a883324\" data-element_type=\"section\">\n\t\t\t\t\t\t<div class=\"elementor-container elementor-column-gap-no\">\n\t\t\t\t\t<div class=\"elementor-column elementor-col-50 elementor-top-column elementor-element elementor-element-03824dc\" data-id=\"03824dc\" data-element_type=\"column\">\n\t\t\t<div class=\"elementor-widget-wrap elementor-element-populated\">\n\t\t\t\t\t\t\t\t<div class=\"elementor-element elementor-element-f3f80f9 elementor-widget elementor-widget-image\" data-id=\"f3f80f9\" data-element_type=\"widget\" data-widget_type=\"image.default\">\n\t\t\t\t<div class=\"elementor-widget-container\">\n\t\t\t\t\t\t\t\t\t\t\t\t\t\t\t<img loading=\"lazy\" decoding=\"async\" width=\"1707\" height=\"2560\" src=\"https:\/\/i1.wp.com\/tbcdesamiantage.fr\/wp-content\/uploads\/2021\/10\/TBC-52-web-scaled.jpg?fit=1707%2C2560&amp;ssl=1\" class=\"attachment-full size-full\" alt=\"\" srcset=\"https:\/\/i1.wp.com\/tbcdesamiantage.fr\/wp-content\/uploads\/2021\/10\/TBC-52-web-scaled.jpg?w=1707&amp;ssl=1 1707w, https:\/\/i1.wp.com\/tbcdesamiantage.fr\/wp-content\/uploads\/2021\/10\/TBC-52-web-scaled.jpg?resize=200%2C300&amp;ssl=1 200w, https:\/\/i1.wp.com\/tbcdesamiantage.fr\/wp-content\/uploads\/2021\/10\/TBC-52-web-scaled.jpg?resize=683%2C1024&amp;ssl=1 683w, https:\/\/i1.wp.com\/tbcdesamiantage.fr\/wp-content\/uploads\/2021\/10\/TBC-52-web-scaled.jpg?resize=768%2C1152&amp;ssl=1 768w, https:\/\/i1.wp.com\/tbcdesamiantage.fr\/wp-content\/uploads\/2021\/10\/TBC-52-web-scaled.jpg?resize=1024%2C1536&amp;ssl=1 1024w, https:\/\/i1.wp.com\/tbcdesamiantage.fr\/wp-content\/uploads\/2021\/10\/TBC-52-web-scaled.jpg?resize=1366%2C2048&amp;ssl=1 1366w\" sizes=\"(max-width: 1000px) 100vw, 1000px\" data-attachment-id=\"1374\" data-permalink=\"https:\/\/tbcdesamiantage.fr\/?attachment_id=1374\" data-orig-file=\"https:\/\/i1.wp.com\/tbcdesamiantage.fr\/wp-content\/uploads\/2021\/10\/TBC-52-web-scaled.jpg?fit=1707%2C2560&amp;ssl=1\" data-orig-size=\"1707,2560\" data-comments-opened=\"1\" data-image-meta=\"{&quot;aperture&quot;:&quot;3.5&quot;,&quot;credit&quot;:&quot;Lea Cuvinot&quot;,&quot;camera&quot;:&quot;NIKON D750&quot;,&quot;caption&quot;:&quot;&quot;,&quot;created_timestamp&quot;:&quot;1631869114&quot;,&quot;copyright&quot;:&quot;&quot;,&quot;focal_length&quot;:&quot;24&quot;,&quot;iso&quot;:&quot;160&quot;,&quot;shutter_speed&quot;:&quot;0.008&quot;,&quot;title&quot;:&quot;&quot;,&quot;orientation&quot;:&quot;1&quot;}\" data-image-title=\"\" data-image-description=\"\" data-image-caption=\"\" data-medium-file=\"https:\/\/i1.wp.com\/tbcdesamiantage.fr\/wp-content\/uploads\/2021\/10\/TBC-52-web-scaled.jpg?fit=200%2C300&amp;ssl=1\" data-large-file=\"https:\/\/i1.wp.com\/tbcdesamiantage.fr\/wp-content\/uploads\/2021\/10\/TBC-52-web-scaled.jpg?fit=683%2C1024&amp;ssl=1\" \/>\t\t\t\t\t\t\t\t\t\t\t\t\t\t\t<\/div>\n\t\t\t\t<\/div>\n\t\t\t\t\t<\/div>\n\t\t<\/div>\n\t\t\t\t<div class=\"elementor-column elementor-col-50 elementor-top-column elementor-element elementor-element-c5ecc23\" data-id=\"c5ecc23\" data-element_type=\"column\">\n\t\t\t<div class=\"elementor-widget-wrap elementor-element-populated\">\n\t\t\t\t\t\t\t\t<div class=\"elementor-element elementor-element-dd2db46 elementor-widget elementor-widget-heading\" data-id=\"dd2db46\" data-element_type=\"widget\" data-widget_type=\"heading.default\">\n\t\t\t\t<div class=\"elementor-widget-container\">\n\t\t\t<h2 class=\"elementor-heading-title elementor-size-default\">D\u00e9roulement d'un chantier de d\u00e9samiantage<\/h2>\t\t<\/div>\n\t\t\t\t<\/div>\n\t\t\t\t<div class=\"elementor-element elementor-element-3d9a3e8 elementor-widget elementor-widget-text-editor\" data-id=\"3d9a3e8\" data-element_type=\"widget\" data-widget_type=\"text-editor.default\">\n\t\t\t\t<div class=\"elementor-widget-container\">\n\t\t\t\t\t\t\t<ul><li>\u00c9laboration d\u2019un devis ou r\u00e9ponse d\u2019un march\u00e9 public<\/li><li>Une fois le chantier accept\u00e9, \u00e9laboration d\u2019un Plan de retrait amiante et envoi aux organismes r\u00e9glementaires (minimum 1 mois de d\u00e9lai d\u2019attente une fois le Plan de Retrait envoy\u00e9)<\/li><li>Intervention d\u2019un laboratoire sp\u00e9cialis\u00e9 pour analyses d\u2019air de d\u00e9marrage du chantier<\/li><li>Pr\u00e9paration et installation de chantier<\/li><li>Mise en place d\u2019un confinement si n\u00e9cessaire (certains chantiers en int\u00e9rieur)<\/li><li>D\u00e9marrage du chantier et retrait de l\u2019amiante<\/li><li>Intervention d\u2019un laboratoire sp\u00e9cialis\u00e9 pour analyses d\u2019air en cours de chantier<\/li><li>Mise en place des d\u00e9chets en zone provisoire et conditionnement sp\u00e9cial amiante<\/li><li>Nettoyage approfondi en fin de chantier<\/li><li>\u00c9vacuation des d\u00e9chets en exutoire sp\u00e9cifique avec bordereaux de suivi (BSDA)<\/li><li>Intervention d\u2019un laboratoire sp\u00e9cialis\u00e9 pour analyses d\u2019air de fin de chantier<\/li><li>Repli des installations de chantier<\/li><\/ul>\t\t\t\t\t\t<\/div>\n\t\t\t\t<\/div>\n\t\t\t\t\t<\/div>\n\t\t<\/div>\n\t\t\t\t\t\t\t<\/div>\n\t\t<\/section>\n\t\t\t\t<section class=\"elementor-section elementor-top-section elementor-element elementor-element-1aadceb8 elementor-section-height-min-height elementor-section-boxed elementor-section-height-default elementor-section-items-middle\" data-id=\"1aadceb8\" data-element_type=\"section\" data-settings=\"{&quot;background_background&quot;:&quot;classic&quot;}\">\n\t\t\t\t\t\t\t<div class=\"elementor-background-overlay\"><\/div>\n\t\t\t\t\t\t\t<div class=\"elementor-container elementor-column-gap-default\">\n\t\t\t\t\t<div class=\"elementor-column elementor-col-33 elementor-top-column elementor-element elementor-element-3efde173\" data-id=\"3efde173\" data-element_type=\"column\">\n\t\t\t<div class=\"elementor-widget-wrap elementor-element-populated\">\n\t\t\t\t\t\t\t\t<div class=\"elementor-element elementor-element-25978f5b elementor-widget elementor-widget-heading\" data-id=\"25978f5b\" data-element_type=\"widget\" data-widget_type=\"heading.default\">\n\t\t\t\t<div class=\"elementor-widget-container\">\n\t\t\t<h2 class=\"elementor-heading-title elementor-size-default\">TBC D\u00e9samiantage<\/h2>\t\t<\/div>\n\t\t\t\t<\/div>\n\t\t\t\t<div class=\"elementor-element elementor-element-18262009 elementor-widget elementor-widget-heading\" data-id=\"18262009\" data-element_type=\"widget\" data-widget_type=\"heading.default\">\n\t\t\t\t<div class=\"elementor-widget-container\">\n\t\t\t<h2 class=\"elementor-heading-title elementor-size-medium\"><a href=\"http:\/\/tbcdesamiantage.fr\/?page_id=923\">L'entreprise<\/a><\/h2>\t\t<\/div>\n\t\t\t\t<\/div>\n\t\t\t\t<div class=\"elementor-element elementor-element-2e108559 elementor-icon-list--layout-traditional elementor-list-item-link-full_width elementor-widget elementor-widget-icon-list\" data-id=\"2e108559\" data-element_type=\"widget\" data-widget_type=\"icon-list.default\">\n\t\t\t\t<div class=\"elementor-widget-container\">\n\t\t\t\t\t<ul class=\"elementor-icon-list-items\">\n\t\t\t\t\t\t\t<li class=\"elementor-icon-list-item\">\n\t\t\t\t\t\t\t\t\t\t\t<a href=\"http:\/\/tbcdesamiantage.fr\/?page_id=930\">\n\n\t\t\t\t\t\t\t\t\t\t\t\t<span class=\"elementor-icon-list-icon\">\n\t\t\t\t\t\t\t<svg xmlns=\"http:\/\/www.w3.org\/2000\/svg\" xmlns:xlink=\"http:\/\/www.w3.org\/1999\/xlink\" id=\"&#x421;&#x43B;&#x43E;&#x439;_1\" x=\"0px\" y=\"0px\" viewBox=\"0 0 180.43 197.83\" style=\"enable-background:new 0 0 180.43 197.83;\" xml:space=\"preserve\">\n<style type=\"text\/css\">\n\t.st0{fill:#FFFFFF;}\n<\/style>\n<g>\n\t<g>\n\t\t<g>\n\t\t\t<polygon class=\"st0\" points=\"76.32,178.78 42.55,145.01 87.07,100.49 42.55,55.97 76.32,22.19 154.61,100.49    \"><\/polygon>\n\t\t<\/g>\n\t<\/g>\n<\/g>\n<\/svg>\t\t\t\t\t\t<\/span>\n\t\t\t\t\t\t\t\t\t\t<span class=\"elementor-icon-list-text\">D\u00e9samiantage<\/span>\n\t\t\t\t\t\t\t\t\t\t\t<\/a>\n\t\t\t\t\t\t\t\t\t<\/li>\n\t\t\t\t\t\t\t\t<li class=\"elementor-icon-list-item\">\n\t\t\t\t\t\t\t\t\t\t\t<a href=\"http:\/\/tbcdesamiantage.fr\/?page_id=931\">\n\n\t\t\t\t\t\t\t\t\t\t\t\t<span class=\"elementor-icon-list-icon\">\n\t\t\t\t\t\t\t<svg xmlns=\"http:\/\/www.w3.org\/2000\/svg\" xmlns:xlink=\"http:\/\/www.w3.org\/1999\/xlink\" id=\"&#x421;&#x43B;&#x43E;&#x439;_1\" x=\"0px\" y=\"0px\" viewBox=\"0 0 180.43 197.83\" style=\"enable-background:new 0 0 180.43 197.83;\" xml:space=\"preserve\">\n<style type=\"text\/css\">\n\t.st0{fill:#FFFFFF;}\n<\/style>\n<g>\n\t<g>\n\t\t<g>\n\t\t\t<polygon class=\"st0\" points=\"76.32,178.78 42.55,145.01 87.07,100.49 42.55,55.97 76.32,22.19 154.61,100.49    \"><\/polygon>\n\t\t<\/g>\n\t<\/g>\n<\/g>\n<\/svg>\t\t\t\t\t\t<\/span>\n\t\t\t\t\t\t\t\t\t\t<span class=\"elementor-icon-list-text\">D\u00e9plombage<\/span>\n\t\t\t\t\t\t\t\t\t\t\t<\/a>\n\t\t\t\t\t\t\t\t\t<\/li>\n\t\t\t\t\t\t\t\t<li class=\"elementor-icon-list-item\">\n\t\t\t\t\t\t\t\t\t\t\t<a href=\"http:\/\/tbcdesamiantage.fr\/?page_id=932\">\n\n\t\t\t\t\t\t\t\t\t\t\t\t<span class=\"elementor-icon-list-icon\">\n\t\t\t\t\t\t\t<svg xmlns=\"http:\/\/www.w3.org\/2000\/svg\" xmlns:xlink=\"http:\/\/www.w3.org\/1999\/xlink\" id=\"&#x421;&#x43B;&#x43E;&#x439;_1\" x=\"0px\" y=\"0px\" viewBox=\"0 0 180.43 197.83\" style=\"enable-background:new 0 0 180.43 197.83;\" xml:space=\"preserve\">\n<style type=\"text\/css\">\n\t.st0{fill:#FFFFFF;}\n<\/style>\n<g>\n\t<g>\n\t\t<g>\n\t\t\t<polygon class=\"st0\" points=\"76.32,178.78 42.55,145.01 87.07,100.49 42.55,55.97 76.32,22.19 154.61,100.49    \"><\/polygon>\n\t\t<\/g>\n\t<\/g>\n<\/g>\n<\/svg>\t\t\t\t\t\t<\/span>\n\t\t\t\t\t\t\t\t\t\t<span class=\"elementor-icon-list-text\">D\u00e9pollution<\/span>\n\t\t\t\t\t\t\t\t\t\t\t<\/a>\n\t\t\t\t\t\t\t\t\t<\/li>\n\t\t\t\t\t\t<\/ul>\n\t\t\t\t<\/div>\n\t\t\t\t<\/div>\n\t\t\t\t<div class=\"elementor-element elementor-element-46292c8c elementor-widget elementor-widget-heading\" data-id=\"46292c8c\" data-element_type=\"widget\" data-widget_type=\"heading.default\">\n\t\t\t\t<div class=\"elementor-widget-container\">\n\t\t\t<h2 class=\"elementor-heading-title elementor-size-medium\"><a href=\"http:\/\/tbcdesamiantage.fr\/?page_id=924\">Nos r\u00e9alisations<\/a><\/h2>\t\t<\/div>\n\t\t\t\t<\/div>\n\t\t\t\t<div class=\"elementor-element elementor-element-604597c8 elementor-widget elementor-widget-heading\" data-id=\"604597c8\" data-element_type=\"widget\" data-widget_type=\"heading.default\">\n\t\t\t\t<div class=\"elementor-widget-container\">\n\t\t\t<h2 class=\"elementor-heading-title elementor-size-medium\"><a href=\"http:\/\/tbcdesamiantage.fr\/?page_id=978\">Mentions l\u00e9gales<\/a><\/h2>\t\t<\/div>\n\t\t\t\t<\/div>\n\t\t\t\t\t<\/div>\n\t\t<\/div>\n\t\t\t\t<div class=\"elementor-column elementor-col-33 elementor-top-column elementor-element elementor-element-2af47762\" data-id=\"2af47762\" data-element_type=\"column\">\n\t\t\t<div class=\"elementor-widget-wrap elementor-element-populated\">\n\t\t\t\t\t\t\t\t<div class=\"elementor-element elementor-element-d08b939 elementor-widget elementor-widget-spacer\" data-id=\"d08b939\" data-element_type=\"widget\" data-widget_type=\"spacer.default\">\n\t\t\t\t<div class=\"elementor-widget-container\">\n\t\t\t\t\t<div class=\"elementor-spacer\">\n\t\t\t<div class=\"elementor-spacer-inner\"><\/div>\n\t\t<\/div>\n\t\t\t\t<\/div>\n\t\t\t\t<\/div>\n\t\t\t\t<div class=\"elementor-element elementor-element-41e41b1d elementor-widget elementor-widget-spacer\" data-id=\"41e41b1d\" data-element_type=\"widget\" data-widget_type=\"spacer.default\">\n\t\t\t\t<div class=\"elementor-widget-container\">\n\t\t\t\t\t<div class=\"elementor-spacer\">\n\t\t\t<div class=\"elementor-spacer-inner\"><\/div>\n\t\t<\/div>\n\t\t\t\t<\/div>\n\t\t\t\t<\/div>\n\t\t\t\t<div class=\"elementor-element elementor-element-2513ac74 elementor-widget elementor-widget-heading\" data-id=\"2513ac74\" data-element_type=\"widget\" data-widget_type=\"heading.default\">\n\t\t\t\t<div class=\"elementor-widget-container\">\n\t\t\t<h2 class=\"elementor-heading-title elementor-size-medium\">Certification<\/h2>\t\t<\/div>\n\t\t\t\t<\/div>\n\t\t\t\t<div class=\"elementor-element elementor-element-2aea036f elementor-widget elementor-widget-text-editor\" data-id=\"2aea036f\" data-element_type=\"widget\" data-widget_type=\"text-editor.default\">\n\t\t\t\t<div class=\"elementor-widget-container\">\n\t\t\t\t\t\t\t<p>Sous la certification <strong>Qualibat 1552,<\/strong> l\u2019entreprise r\u00e9alise des travaux de retrait de mat\u00e9riaux contenant de l\u2019amiante, avec un personnel d\u00fbment qualifi\u00e9 et form\u00e9, selon une organisation stricte et des dispositions adapt\u00e9es.<\/p><p><img loading=\"lazy\" decoding=\"async\" data-attachment-id=\"530\" data-permalink=\"https:\/\/tbcdesamiantage.fr\/?attachment_id=530\" data-orig-file=\"https:\/\/i2.wp.com\/tbcdesamiantage.fr\/wp-content\/uploads\/2021\/09\/Logo-Qualibat.png?fit=2400%2C2513&amp;ssl=1\" data-orig-size=\"2400,2513\" data-comments-opened=\"1\" data-image-meta=\"{&quot;aperture&quot;:&quot;0&quot;,&quot;credit&quot;:&quot;&quot;,&quot;camera&quot;:&quot;&quot;,&quot;caption&quot;:&quot;&quot;,&quot;created_timestamp&quot;:&quot;0&quot;,&quot;copyright&quot;:&quot;&quot;,&quot;focal_length&quot;:&quot;0&quot;,&quot;iso&quot;:&quot;0&quot;,&quot;shutter_speed&quot;:&quot;0&quot;,&quot;title&quot;:&quot;&quot;,&quot;orientation&quot;:&quot;0&quot;}\" data-image-title=\"Logo Qualibat\" data-image-description=\"\" data-image-caption=\"\" data-medium-file=\"https:\/\/i2.wp.com\/tbcdesamiantage.fr\/wp-content\/uploads\/2021\/09\/Logo-Qualibat.png?fit=287%2C300&amp;ssl=1\" data-large-file=\"https:\/\/i2.wp.com\/tbcdesamiantage.fr\/wp-content\/uploads\/2021\/09\/Logo-Qualibat.png?fit=978%2C1024&amp;ssl=1\" class=\"wp-image-530 aligncenter\" src=\"https:\/\/i1.wp.com\/tbcdesamiantage.fr\/wp-content\/uploads\/2021\/09\/Logo-Qualibat-287x300.png?resize=40%2C42\" alt=\"\" width=\"40\" height=\"42\" data-recalc-dims=\"1\" srcset=\"https:\/\/i2.wp.com\/tbcdesamiantage.fr\/wp-content\/uploads\/2021\/09\/Logo-Qualibat.png?resize=287%2C300&amp;ssl=1 287w, https:\/\/i2.wp.com\/tbcdesamiantage.fr\/wp-content\/uploads\/2021\/09\/Logo-Qualibat.png?resize=978%2C1024&amp;ssl=1 978w, https:\/\/i2.wp.com\/tbcdesamiantage.fr\/wp-content\/uploads\/2021\/09\/Logo-Qualibat.png?resize=768%2C804&amp;ssl=1 768w, https:\/\/i2.wp.com\/tbcdesamiantage.fr\/wp-content\/uploads\/2021\/09\/Logo-Qualibat.png?resize=1467%2C1536&amp;ssl=1 1467w, https:\/\/i2.wp.com\/tbcdesamiantage.fr\/wp-content\/uploads\/2021\/09\/Logo-Qualibat.png?resize=1956%2C2048&amp;ssl=1 1956w\" sizes=\"(max-width: 40px) 100vw, 40px\" \/><\/p>\t\t\t\t\t\t<\/div>\n\t\t\t\t<\/div>\n\t\t\t\t\t<\/div>\n\t\t<\/div>\n\t\t\t\t<div class=\"elementor-column elementor-col-33 elementor-top-column elementor-element elementor-element-7049777b\" data-id=\"7049777b\" data-element_type=\"column\">\n\t\t\t<div class=\"elementor-widget-wrap elementor-element-populated\">\n\t\t\t\t\t\t\t\t<div class=\"elementor-element elementor-element-191ab592 elementor-align-center elementor-widget elementor-widget-button\" data-id=\"191ab592\" data-element_type=\"widget\" data-widget_type=\"button.default\">\n\t\t\t\t<div class=\"elementor-widget-container\">\n\t\t\t\t\t<div class=\"elementor-button-wrapper\">\n\t\t\t<a href=\"http:\/\/tbcdesamiantage.fr\/?page_id=985\" class=\"elementor-button-link elementor-button elementor-size-sm elementor-animation-grow\" role=\"button\">\n\t\t\t\t\t\t<span class=\"elementor-button-content-wrapper\">\n\t\t\t\t\t\t<span class=\"elementor-button-text\">Nous contacter<\/span>\n\t\t<\/span>\n\t\t\t\t\t<\/a>\n\t\t<\/div>\n\t\t\t\t<\/div>\n\t\t\t\t<\/div>\n\t\t\t\t<div class=\"elementor-element elementor-element-2720963c elementor-align-center elementor-widget elementor-widget-button\" data-id=\"2720963c\" data-element_type=\"widget\" data-widget_type=\"button.default\">\n\t\t\t\t<div class=\"elementor-widget-container\">\n\t\t\t\t\t<div class=\"elementor-button-wrapper\">\n\t\t\t<a href=\"http:\/\/tbcdesamiantage.fr\/?page_id=987\" class=\"elementor-button-link elementor-button elementor-size-sm elementor-animation-grow\" role=\"button\">\n\t\t\t\t\t\t<span class=\"elementor-button-content-wrapper\">\n\t\t\t\t\t\t<span class=\"elementor-button-text\">Nous rejoindre<\/span>\n\t\t<\/span>\n\t\t\t\t\t<\/a>\n\t\t<\/div>\n\t\t\t\t<\/div>\n\t\t\t\t<\/div>\n\t\t\t\t\t<\/div>\n\t\t<\/div>\n\t\t\t\t\t\t\t<\/div>\n\t\t<\/section>\n\t\t\t\t\t\t<\/div>\n\t\t\t\t\t<\/div>\n\t\t","protected":false},"excerpt":{"rendered":"<p>D\u00e9samiantage Nous contacter Qu&rsquo;est ce que l&rsquo;amiante ? L\u2019amiante qui est interdit en France depuis 1997, repr\u00e9sente un probl\u00e8me consid\u00e9rable pour la sant\u00e9 de la population. Ce mat\u00e9riau min\u00e9ral dont les fibres sont invisibles \u00e0 l\u2019\u0153il nu comporte de multiples avantages (r\u00e9sistant, isolant, absorbant\u2026). Pr\u00e9sent dans plus de 3500 produits identifi\u00e9s, il est pr\u00e9sent dans &hellip;<\/p>\n<p class=\"read-more\"> <a class=\"\" href=\"https:\/\/tbcdesamiantage.fr\/?page_id=930\"> <span class=\"screen-reader-text\">D\u00e9samiantage<\/span> Lire la suite\u00a0\u00bb<\/a><\/p>\n","protected":false},"author":1,"featured_media":0,"parent":0,"menu_order":0,"comment_status":"closed","ping_status":"closed","template":"","meta":{"_ti_tpc_template_sync":false,"_ti_tpc_template_id":"","spay_email":"","footnotes":""},"_links":{"self":[{"href":"https:\/\/tbcdesamiantage.fr\/index.php?rest_route=\/wp\/v2\/pages\/930"}],"collection":[{"href":"https:\/\/tbcdesamiantage.fr\/index.php?rest_route=\/wp\/v2\/pages"}],"about":[{"href":"https:\/\/tbcdesamiantage.fr\/index.php?rest_route=\/wp\/v2\/types\/page"}],"author":[{"embeddable":true,"href":"https:\/\/tbcdesamiantage.fr\/index.php?rest_route=\/wp\/v2\/users\/1"}],"replies":[{"embeddable":true,"href":"https:\/\/tbcdesamiantage.fr\/index.php?rest_route=%2Fwp%2Fv2%2Fcomments&post=930"}],"version-history":[{"count":46,"href":"https:\/\/tbcdesamiantage.fr\/index.php?rest_route=\/wp\/v2\/pages\/930\/revisions"}],"predecessor-version":[{"id":1808,"href":"https:\/\/tbcdesamiantage.fr\/index.php?rest_route=\/wp\/v2\/pages\/930\/revisions\/1808"}],"wp:attachment":[{"href":"https:\/\/tbcdesamiantage.fr\/index.php?rest_route=%2Fwp%2Fv2%2Fmedia&parent=930"}],"curies":[{"name":"wp","href":"https:\/\/api.w.org\/{rel}","templated":true}]}}